{"id":4366,"date":"2022-07-18T00:15:17","date_gmt":"2022-07-18T00:15:17","guid":{"rendered":"https:\/\/royalevolution.com\/diving-in-egypt\/elba-reef\/"},"modified":"2022-08-13T16:04:20","modified_gmt":"2022-08-13T16:04:20","slug":"elba-reef","status":"publish","type":"page","link":"https:\/\/royalevolution.com\/de\/diving-in-egypt\/elba-reef\/","title":{"rendered":"Elba Riff"},"content":{"rendered":"<div class=\"fusion-fullwidth fullwidth-box fusion-builder-row-1 fusion-flex-container nonhundred-percent-fullwidth non-hundred-percent-height-scrolling\" style=\"background-color: #ffffff;background-position: center center;background-repeat: no-repeat;border-width: 0px 0px 0px 0px;border-color:#eae9e9;border-style:solid;\" ><div class=\"fusion-builder-row fusion-row fusion-flex-align-items-flex-start\" style=\"max-width:1248px;margin-left: calc(-4% \/ 2 );margin-right: calc(-4% \/ 2 );\"><div class=\"fusion-layout-column fusion_builder_column fusion-builder-column-0 fusion_builder_column_3_5 3_5 fusion-flex-column\"><div class=\"fusion-column-wrapper fusion-flex-justify-content-flex-start fusion-content-layout-column\" style=\"background-position:left top;background-repeat:no-repeat;-webkit-background-size:cover;-moz-background-size:cover;-o-background-size:cover;background-size:cover;padding: 0px 0px 0px 0px;\"><div class=\"fusion-text fusion-text-1\"><p>Das Elba Riff ist ein dreieckiges Riff im n\u00f6rdlichen Teil des Sudan, an der Grenze zu \u00c4gypten. Es ist Teil von drei Riffen, die wir die Elba-Region nennen. Es hat ein langes Nordplateau, das in etwa 20 Metern Tiefe beginnt und bis zu seiner Nordspitze auf etwa 45 Meter abf\u00e4llt. Am Rand des Plateaus befinden sich viele riesige Korallenf\u00e4cher. Nicht selten k\u00f6nnen Sie hier einige gro\u00dfe pelagische Fische wie graue Riffhaie und sogar Hammerhaie beobachten. Die besten Bedingungen zum Tauchen herrschen in der milden Nordstr\u00f6mung, wo Sie Ihren Tauchgang von der R\u00fcckseite unseres Bootes aus beginnen k\u00f6nnen. Wenn das Festmachen aufgrund der Wetterbedingungen nicht m\u00f6glich ist, w\u00e4re ein Tauchgang vom Schlauchboot aus m\u00f6glich. Die \u00f6stliche Wand des Riffs hat viele Risse, \u00dcberh\u00e4nge und Buchten, die voller Weichkorallen sind. Das S\u00fcdplateau ist etwas k\u00fcrzer, mit einigen riesigen Zinnen. Es beginnt ebenfalls bei etwa 20 Metern Tiefe und f\u00e4llt auch auf 45 Meter ab. Die Ost- und Westseite fallen ziemlich steil auf mehr als 100 Meter in die Tiefe ab. Im flachen Teil des Riffs befindet sich am \u00f6stlichen Rand ab etwa 8 Metern Tiefe ein wundersch\u00f6nes H\u00f6hlensystem. Beste Tauchbedingungen herrschen am S\u00fcdplateau bei S\u00fcdstr\u00f6mung.<\/p>\n<\/div><div class=\"fusion-text fusion-text-2\" style=\"margin-top:20px;\"><div style=\"padding: 75% 0 0 0; position: relative;\"><iframe style=\"position: absolute; top: 0; left: 0; width: 100%; height: 100%;\" title=\"Elba reef - Royal Evolution\" src=\"https:\/\/player.vimeo.com\/video\/739241622?h=9ba976fc20&amp;badge=0&amp;autopause=0&amp;player_id=0&amp;app_id=58479\" frameborder=\"0\" allowfullscreen=\"allowfullscreen\"><\/iframe><\/div>\n<p><script src=\"https:\/\/player.vimeo.com\/api\/player.js\"><\/script><\/p>\n<\/div><\/div><style type=\"text\/css\">.fusion-body .fusion-builder-column-0{width:60% !important;margin-top : 0px;margin-bottom : 20px;}.fusion-builder-column-0 > .fusion-column-wrapper {padding-top : 0px !important;padding-right : 0px !important;margin-right : 3.2%;padding-bottom : 0px !important;padding-left : 0px !important;margin-left : 3.2%;}@media only screen and (max-width:1023px) {.fusion-body .fusion-builder-column-0{width:100% !important;order : 0;}.fusion-builder-column-0 > .fusion-column-wrapper {margin-right : 1.92%;margin-left : 1.92%;}}@media only screen and (max-width:691px) {.fusion-body .fusion-builder-column-0{width:100% !important;order : 0;}.fusion-builder-column-0 > .fusion-column-wrapper {margin-right : 1.92%;margin-left : 1.92%;}}<\/style><\/div><div class=\"fusion-layout-column fusion_builder_column fusion-builder-column-1 fusion_builder_column_2_5 2_5 fusion-flex-column\"><div class=\"fusion-column-wrapper fusion-flex-justify-content-flex-start fusion-content-layout-column\" style=\"background-position:left top;background-repeat:no-repeat;-webkit-background-size:cover;-moz-background-size:cover;-o-background-size:cover;background-size:cover;padding: 0px 0px 0px 0px;\"><div ><div class=\"imageframe-liftup\"><span class=\" fusion-imageframe imageframe-dropshadow imageframe-1\" style=\"-webkit-box-shadow: 3px 3px 7px rgba(0,0,0,0.3);box-shadow: 3px 3px 7px rgba(0,0,0,0.3);\"><a href=\"https:\/\/royalevolution.com\/wp-content\/uploads\/2022\/07\/DSC073481.jpg\" class=\"fusion-lightbox\" data-rel=\"iLightbox[a138194975922070dbe]\" data-title=\"DSC073481\" title=\"DSC073481\"><img decoding=\"async\" width=\"600\" height=\"450\" src=\"https:\/\/royalevolution.com\/wp-content\/uploads\/2022\/07\/DSC073481-600x450.jpg\" class=\"img-responsive wp-image-3791\" srcset=\"https:\/\/royalevolution.com\/wp-content\/uploads\/2022\/07\/DSC073481-200x150.jpg 200w, https:\/\/royalevolution.com\/wp-content\/uploads\/2022\/07\/DSC073481-400x300.jpg 400w, https:\/\/royalevolution.com\/wp-content\/uploads\/2022\/07\/DSC073481-600x450.jpg 600w, https:\/\/royalevolution.com\/wp-content\/uploads\/2022\/07\/DSC073481-800x600.jpg 800w, https:\/\/royalevolution.com\/wp-content\/uploads\/2022\/07\/DSC073481-1200x900.jpg 1200w\" sizes=\"(max-width: 1023px) 100vw, (max-width: 691px) 100vw, 600px\" \/><\/a><\/span><\/div><\/div><div class=\"fusion-separator fusion-full-width-sep\" style=\"align-self: center;margin-left: auto;margin-right: auto;margin-top:20px;width:100%;\"><\/div><div ><div class=\"imageframe-liftup\"><span class=\" fusion-imageframe imageframe-dropshadow imageframe-2\" style=\"-webkit-box-shadow: 3px 3px 7px rgba(0,0,0,0.3);box-shadow: 3px 3px 7px rgba(0,0,0,0.3);\"><a href=\"https:\/\/royalevolution.com\/wp-content\/uploads\/2022\/07\/DSC076941.jpg\" class=\"fusion-lightbox\" data-rel=\"iLightbox[9fa21cd2f4d2996cae9]\" data-title=\"DSC076941\" title=\"DSC076941\"><img decoding=\"async\" width=\"600\" height=\"450\" src=\"https:\/\/royalevolution.com\/wp-content\/uploads\/2022\/07\/DSC076941-600x450.jpg\" class=\"img-responsive wp-image-3792\" srcset=\"https:\/\/royalevolution.com\/wp-content\/uploads\/2022\/07\/DSC076941-200x150.jpg 200w, https:\/\/royalevolution.com\/wp-content\/uploads\/2022\/07\/DSC076941-400x300.jpg 400w, https:\/\/royalevolution.com\/wp-content\/uploads\/2022\/07\/DSC076941-600x450.jpg 600w, https:\/\/royalevolution.com\/wp-content\/uploads\/2022\/07\/DSC076941-800x600.jpg 800w, https:\/\/royalevolution.com\/wp-content\/uploads\/2022\/07\/DSC076941-1200x900.jpg 1200w\" sizes=\"(max-width: 1023px) 100vw, (max-width: 691px) 100vw, 600px\" \/><\/a><\/span><\/div><\/div><div class=\"fusion-separator fusion-full-width-sep\" style=\"align-self: center;margin-left: auto;margin-right: auto;margin-top:20px;width:100%;\"><\/div><div ><div class=\"imageframe-liftup\"><span class=\" fusion-imageframe imageframe-dropshadow imageframe-3\" style=\"-webkit-box-shadow: 3px 3px 7px rgba(0,0,0,0.3);box-shadow: 3px 3px 7px rgba(0,0,0,0.3);\"><a href=\"https:\/\/royalevolution.com\/wp-content\/uploads\/2022\/07\/DSC082281.jpg\" class=\"fusion-lightbox\" data-rel=\"iLightbox[e0f24a5e6f2497a3d10]\" data-title=\"DSC082281\" title=\"DSC082281\"><img decoding=\"async\" width=\"600\" height=\"450\" src=\"https:\/\/royalevolution.com\/wp-content\/uploads\/2022\/07\/DSC082281-600x450.jpg\" class=\"img-responsive wp-image-3793\" srcset=\"https:\/\/royalevolution.com\/wp-content\/uploads\/2022\/07\/DSC082281-200x150.jpg 200w, https:\/\/royalevolution.com\/wp-content\/uploads\/2022\/07\/DSC082281-400x300.jpg 400w, https:\/\/royalevolution.com\/wp-content\/uploads\/2022\/07\/DSC082281-600x450.jpg 600w, https:\/\/royalevolution.com\/wp-content\/uploads\/2022\/07\/DSC082281-800x600.jpg 800w, https:\/\/royalevolution.com\/wp-content\/uploads\/2022\/07\/DSC082281-1200x900.jpg 1200w\" sizes=\"(max-width: 1023px) 100vw, (max-width: 691px) 100vw, 600px\" \/><\/a><\/span><\/div><\/div><\/div><style type=\"text\/css\">.fusion-body .fusion-builder-column-1{width:40% !important;margin-top : 0px;margin-bottom : 20px;}.fusion-builder-column-1 > .fusion-column-wrapper {padding-top : 0px !important;padding-right : 0px !important;margin-right : 4.8%;padding-bottom : 0px !important;padding-left : 0px !important;margin-left : 4.8%;}@media only screen and (max-width:1023px) {.fusion-body .fusion-builder-column-1{width:100% !important;order : 0;}.fusion-builder-column-1 > .fusion-column-wrapper {margin-right : 1.92%;margin-left : 1.92%;}}@media only screen and (max-width:691px) {.fusion-body .fusion-builder-column-1{width:100% !important;order : 0;}.fusion-builder-column-1 > .fusion-column-wrapper {margin-right : 1.92%;margin-left : 1.92%;}}<\/style><\/div><\/div><style type=\"text\/css\">.fusion-body .fusion-flex-container.fusion-builder-row-1{ padding-top : 30px;margin-top : 0px;padding-right : 15px;padding-bottom : 10px;margin-bottom : 0px;padding-left : 15px;}<\/style><\/div>\n","protected":false},"excerpt":{"rendered":"","protected":false},"author":2,"featured_media":0,"parent":2468,"menu_order":0,"comment_status":"closed","ping_status":"closed","template":"","meta":{"footnotes":""},"class_list":["post-4366","page","type-page","status-publish","hentry"],"yoast_head":"<!-- This site is optimized with the Yoast SEO plugin v25.1 - https:\/\/yoast.com\/wordpress\/plugins\/seo\/ -->\n<title>Elba Riff - Enjoy your Diving trip with Royal Evolution<\/title>\n<meta name=\"description\" content=\"Elba Riff - Royal Evolution - Prices, liveaboard photos, destinations, contacts, description, online diving reservation.\" \/>\n<meta name=\"robots\" content=\"index, follow, max-snippet:-1, max-image-preview:large, max-video-preview:-1\" \/>\n<link rel=\"canonical\" href=\"https:\/\/royalevolution.com\/de\/diving-in-egypt\/elba-reef\/\" \/>\n<meta property=\"og:locale\" content=\"de_DE\" \/>\n<meta property=\"og:type\" content=\"article\" \/>\n<meta property=\"og:title\" content=\"Elba Riff - Enjoy your Diving trip with Royal Evolution\" \/>\n<meta property=\"og:description\" content=\"Elba Riff - Royal Evolution - Prices, liveaboard photos, destinations, contacts, description, online diving reservation.\" \/>\n<meta property=\"og:url\" content=\"https:\/\/royalevolution.com\/de\/diving-in-egypt\/elba-reef\/\" \/>\n<meta property=\"og:site_name\" content=\"Royal Evolution\" \/>\n<meta property=\"article:modified_time\" content=\"2022-08-13T16:04:20+00:00\" \/>\n<meta name=\"twitter:card\" content=\"summary_large_image\" \/>\n<meta name=\"twitter:label1\" content=\"Gesch\u00e4tzte Lesezeit\" \/>\n\t<meta name=\"twitter:data1\" content=\"4 Minuten\" \/>\n<script type=\"application\/ld+json\" class=\"yoast-schema-graph\">{\"@context\":\"https:\/\/schema.org\",\"@graph\":[{\"@type\":\"WebPage\",\"@id\":\"https:\/\/royalevolution.com\/de\/diving-in-egypt\/elba-reef\/\",\"url\":\"https:\/\/royalevolution.com\/de\/diving-in-egypt\/elba-reef\/\",\"name\":\"Elba Riff - Enjoy your Diving trip with Royal Evolution\",\"isPartOf\":{\"@id\":\"https:\/\/royalevolution.com\/#website\"},\"datePublished\":\"2022-07-18T00:15:17+00:00\",\"dateModified\":\"2022-08-13T16:04:20+00:00\",\"description\":\"Elba Riff - Royal Evolution - Prices, liveaboard photos, destinations, contacts, description, online diving reservation.\",\"breadcrumb\":{\"@id\":\"https:\/\/royalevolution.com\/de\/diving-in-egypt\/elba-reef\/#breadcrumb\"},\"inLanguage\":\"de\",\"potentialAction\":[{\"@type\":\"ReadAction\",\"target\":[\"https:\/\/royalevolution.com\/de\/diving-in-egypt\/elba-reef\/\"]}]},{\"@type\":\"BreadcrumbList\",\"@id\":\"https:\/\/royalevolution.com\/de\/diving-in-egypt\/elba-reef\/#breadcrumb\",\"itemListElement\":[{\"@type\":\"ListItem\",\"position\":1,\"name\":\"\u0413\u043b\u0430\u0432\u043d\u0430\u044f \u0441\u0442\u0440\u0430\u043d\u0438\u0446\u0430\",\"item\":\"https:\/\/royalevolution.com\/de\/\"},{\"@type\":\"ListItem\",\"position\":2,\"name\":\"Tauchen in \u00c4gypten\",\"item\":\"https:\/\/royalevolution.com\/de\/diving-in-egypt\/\"},{\"@type\":\"ListItem\",\"position\":3,\"name\":\"Elba Riff\"}]},{\"@type\":\"WebSite\",\"@id\":\"https:\/\/royalevolution.com\/#website\",\"url\":\"https:\/\/royalevolution.com\/\",\"name\":\"Royal Evolution\",\"description\":\"Royal Evolution\",\"potentialAction\":[{\"@type\":\"SearchAction\",\"target\":{\"@type\":\"EntryPoint\",\"urlTemplate\":\"https:\/\/royalevolution.com\/?s={search_term_string}\"},\"query-input\":{\"@type\":\"PropertyValueSpecification\",\"valueRequired\":true,\"valueName\":\"search_term_string\"}}],\"inLanguage\":\"de\"}]}<\/script>\n<!-- \/ Yoast SEO plugin. -->","yoast_head_json":{"title":"Elba Riff - Enjoy your Diving trip with Royal Evolution","description":"Elba Riff - Royal Evolution - Prices, liveaboard photos, destinations, contacts, description, online diving reservation.","robots":{"index":"index","follow":"follow","max-snippet":"max-snippet:-1","max-image-preview":"max-image-preview:large","max-video-preview":"max-video-preview:-1"},"canonical":"https:\/\/royalevolution.com\/de\/diving-in-egypt\/elba-reef\/","og_locale":"de_DE","og_type":"article","og_title":"Elba Riff - Enjoy your Diving trip with Royal Evolution","og_description":"Elba Riff - Royal Evolution - Prices, liveaboard photos, destinations, contacts, description, online diving reservation.","og_url":"https:\/\/royalevolution.com\/de\/diving-in-egypt\/elba-reef\/","og_site_name":"Royal Evolution","article_modified_time":"2022-08-13T16:04:20+00:00","twitter_card":"summary_large_image","twitter_misc":{"Gesch\u00e4tzte Lesezeit":"4 Minuten"},"schema":{"@context":"https:\/\/schema.org","@graph":[{"@type":"WebPage","@id":"https:\/\/royalevolution.com\/de\/diving-in-egypt\/elba-reef\/","url":"https:\/\/royalevolution.com\/de\/diving-in-egypt\/elba-reef\/","name":"Elba Riff - Enjoy your Diving trip with Royal Evolution","isPartOf":{"@id":"https:\/\/royalevolution.com\/#website"},"datePublished":"2022-07-18T00:15:17+00:00","dateModified":"2022-08-13T16:04:20+00:00","description":"Elba Riff - Royal Evolution - Prices, liveaboard photos, destinations, contacts, description, online diving reservation.","breadcrumb":{"@id":"https:\/\/royalevolution.com\/de\/diving-in-egypt\/elba-reef\/#breadcrumb"},"inLanguage":"de","potentialAction":[{"@type":"ReadAction","target":["https:\/\/royalevolution.com\/de\/diving-in-egypt\/elba-reef\/"]}]},{"@type":"BreadcrumbList","@id":"https:\/\/royalevolution.com\/de\/diving-in-egypt\/elba-reef\/#breadcrumb","itemListElement":[{"@type":"ListItem","position":1,"name":"\u0413\u043b\u0430\u0432\u043d\u0430\u044f \u0441\u0442\u0440\u0430\u043d\u0438\u0446\u0430","item":"https:\/\/royalevolution.com\/de\/"},{"@type":"ListItem","position":2,"name":"Tauchen in \u00c4gypten","item":"https:\/\/royalevolution.com\/de\/diving-in-egypt\/"},{"@type":"ListItem","position":3,"name":"Elba Riff"}]},{"@type":"WebSite","@id":"https:\/\/royalevolution.com\/#website","url":"https:\/\/royalevolution.com\/","name":"Royal Evolution","description":"Royal Evolution","potentialAction":[{"@type":"SearchAction","target":{"@type":"EntryPoint","urlTemplate":"https:\/\/royalevolution.com\/?s={search_term_string}"},"query-input":{"@type":"PropertyValueSpecification","valueRequired":true,"valueName":"search_term_string"}}],"inLanguage":"de"}]}},"_links":{"self":[{"href":"https:\/\/royalevolution.com\/de\/wp-json\/wp\/v2\/pages\/4366","targetHints":{"allow":["GET"]}}],"collection":[{"href":"https:\/\/royalevolution.com\/de\/wp-json\/wp\/v2\/pages"}],"about":[{"href":"https:\/\/royalevolution.com\/de\/wp-json\/wp\/v2\/types\/page"}],"author":[{"embeddable":true,"href":"https:\/\/royalevolution.com\/de\/wp-json\/wp\/v2\/users\/2"}],"replies":[{"embeddable":true,"href":"https:\/\/royalevolution.com\/de\/wp-json\/wp\/v2\/comments?post=4366"}],"version-history":[{"count":2,"href":"https:\/\/royalevolution.com\/de\/wp-json\/wp\/v2\/pages\/4366\/revisions"}],"predecessor-version":[{"id":4665,"href":"https:\/\/royalevolution.com\/de\/wp-json\/wp\/v2\/pages\/4366\/revisions\/4665"}],"up":[{"embeddable":true,"href":"https:\/\/royalevolution.com\/de\/wp-json\/wp\/v2\/pages\/2468"}],"wp:attachment":[{"href":"https:\/\/royalevolution.com\/de\/wp-json\/wp\/v2\/media?parent=4366"}],"curies":[{"name":"wp","href":"https:\/\/api.w.org\/{rel}","templated":true}]}}