{"id":4377,"date":"2022-07-18T00:09:28","date_gmt":"2022-07-18T00:09:28","guid":{"rendered":"https:\/\/royalevolution.com\/diving-in-egypt\/rocky-island\/"},"modified":"2022-07-23T00:28:17","modified_gmt":"2022-07-23T00:28:17","slug":"rocky-island","status":"publish","type":"page","link":"https:\/\/royalevolution.com\/de\/diving-in-egypt\/rocky-island\/","title":{"rendered":"Rocky Island"},"content":{"rendered":"<div class=\"fusion-fullwidth fullwidth-box fusion-builder-row-1 fusion-flex-container nonhundred-percent-fullwidth non-hundred-percent-height-scrolling\" style=\"background-color: #ffffff;background-position: center center;background-repeat: no-repeat;border-width: 0px 0px 0px 0px;border-color:#eae9e9;border-style:solid;\" ><div class=\"fusion-builder-row fusion-row fusion-flex-align-items-flex-start\" style=\"max-width:1248px;margin-left: calc(-4% \/ 2 );margin-right: calc(-4% \/ 2 );\"><div class=\"fusion-layout-column fusion_builder_column fusion-builder-column-0 fusion_builder_column_3_5 3_5 fusion-flex-column\"><div class=\"fusion-column-wrapper fusion-flex-justify-content-flex-start fusion-content-layout-column\" style=\"background-position:left top;background-repeat:no-repeat;-webkit-background-size:cover;-moz-background-size:cover;-o-background-size:cover;background-size:cover;padding: 0px 0px 0px 0px;\"><div class=\"fusion-text fusion-text-1\"><p><span style=\"color: #333333;\">Rocky Island ist eine sehr kleine unbewohnte Insel im tiefen S\u00fcden des Roten Meeres in \u00c4gypten. Die Insel hat eine dreieckige Form und ist etwas mehr als 500 Meter lang und 300 Meter breit. Seine Nordost- und S\u00fcdostseiten sind ziemlich gerade und seine Westseite ist in einem sanften Bogen geformt. Auf allen Seiten von Rocky Island gibt es ein flaches Plateau, das sich von der Insel aus etwa 35 Meter ins Meer erstreckt. Gleich danach f\u00e4llt das Wasser ab und wird sehr tief. Das umliegende tiefe Wasser und die abgelegene und exponierte Lage bieten die besten Chancen, aufregende Meereslebewesen einschlie\u00dflich pelagischer Haie zu sehen. <\/span><span style=\"color: #333333;\">Der meiste Wind und die meisten Wellen treffen die Nord- und Ostk\u00fcste von Rocky Island. Dank der Str\u00f6mung ist dort daher mehr Unterwasser-Action geboten und Sie k\u00f6nnen einige hervorragende Meereslebewesen und Korallen sehen.<\/span><\/p>\n<\/div><\/div><style type=\"text\/css\">.fusion-body .fusion-builder-column-0{width:60% !important;margin-top : 0px;margin-bottom : 20px;}.fusion-builder-column-0 > .fusion-column-wrapper {padding-top : 0px !important;padding-right : 0px !important;margin-right : 3.2%;padding-bottom : 0px !important;padding-left : 0px !important;margin-left : 3.2%;}@media only screen and (max-width:1023px) {.fusion-body .fusion-builder-column-0{width:100% !important;order : 0;}.fusion-builder-column-0 > .fusion-column-wrapper {margin-right : 1.92%;margin-left : 1.92%;}}@media only screen and (max-width:691px) {.fusion-body .fusion-builder-column-0{width:100% !important;order : 0;}.fusion-builder-column-0 > .fusion-column-wrapper {margin-right : 1.92%;margin-left : 1.92%;}}<\/style><\/div><div class=\"fusion-layout-column fusion_builder_column fusion-builder-column-1 fusion_builder_column_2_5 2_5 fusion-flex-column\"><div class=\"fusion-column-wrapper fusion-flex-justify-content-flex-start fusion-content-layout-column\" style=\"background-position:left top;background-repeat:no-repeat;-webkit-background-size:cover;-moz-background-size:cover;-o-background-size:cover;background-size:cover;padding: 0px 0px 0px 0px;\"><div ><div class=\"imageframe-liftup\"><span class=\" fusion-imageframe imageframe-dropshadow imageframe-1\" style=\"-webkit-box-shadow: 3px 3px 7px rgba(0,0,0,0.3);box-shadow: 3px 3px 7px rgba(0,0,0,0.3);\"><a href=\"https:\/\/royalevolution.com\/wp-content\/uploads\/2022\/07\/Rocky-Island.jpg\" class=\"fusion-lightbox\" data-rel=\"iLightbox[8bbeb1ed326c9cb202c]\" data-title=\"Rocky Island\" title=\"Rocky Island\"><img decoding=\"async\" width=\"600\" height=\"384\" src=\"https:\/\/royalevolution.com\/wp-content\/uploads\/2022\/07\/Rocky-Island-600x384.jpg\" class=\"img-responsive wp-image-3774\" srcset=\"https:\/\/royalevolution.com\/wp-content\/uploads\/2022\/07\/Rocky-Island-200x128.jpg 200w, https:\/\/royalevolution.com\/wp-content\/uploads\/2022\/07\/Rocky-Island-400x256.jpg 400w, https:\/\/royalevolution.com\/wp-content\/uploads\/2022\/07\/Rocky-Island-600x384.jpg 600w, https:\/\/royalevolution.com\/wp-content\/uploads\/2022\/07\/Rocky-Island-800x513.jpg 800w, https:\/\/royalevolution.com\/wp-content\/uploads\/2022\/07\/Rocky-Island-1200x769.jpg 1200w\" sizes=\"(max-width: 1023px) 100vw, (max-width: 691px) 100vw, 600px\" \/><\/a><\/span><\/div><\/div><\/div><style type=\"text\/css\">.fusion-body .fusion-builder-column-1{width:40% !important;margin-top : 0px;margin-bottom : 20px;}.fusion-builder-column-1 > .fusion-column-wrapper {padding-top : 0px !important;padding-right : 0px !important;margin-right : 4.8%;padding-bottom : 0px !important;padding-left : 0px !important;margin-left : 4.8%;}@media only screen and (max-width:1023px) {.fusion-body .fusion-builder-column-1{width:100% !important;order : 0;}.fusion-builder-column-1 > .fusion-column-wrapper {margin-right : 1.92%;margin-left : 1.92%;}}@media only screen and (max-width:691px) {.fusion-body .fusion-builder-column-1{width:100% !important;order : 0;}.fusion-builder-column-1 > .fusion-column-wrapper {margin-right : 1.92%;margin-left : 1.92%;}}<\/style><\/div><\/div><style type=\"text\/css\">.fusion-body .fusion-flex-container.fusion-builder-row-1{ padding-top : 30px;margin-top : 0px;padding-right : 15px;padding-bottom : 10px;margin-bottom : 0px;padding-left : 15px;}<\/style><\/div>\n","protected":false},"excerpt":{"rendered":"","protected":false},"author":2,"featured_media":0,"parent":2468,"menu_order":0,"comment_status":"closed","ping_status":"closed","template":"","meta":{"footnotes":""},"class_list":["post-4377","page","type-page","status-publish","hentry"],"yoast_head":"<!-- This site is optimized with the Yoast SEO plugin v25.1 - https:\/\/yoast.com\/wordpress\/plugins\/seo\/ -->\n<title>Rocky Island - Enjoy your Diving trip with Royal Evolution<\/title>\n<meta name=\"description\" content=\"Rocky Island - Royal Evolution - Prices, liveaboard photos, destinations, contacts, description, online diving reservation.\" \/>\n<meta name=\"robots\" content=\"index, follow, max-snippet:-1, max-image-preview:large, max-video-preview:-1\" \/>\n<link rel=\"canonical\" href=\"https:\/\/royalevolution.com\/de\/diving-in-egypt\/rocky-island\/\" \/>\n<meta property=\"og:locale\" content=\"de_DE\" \/>\n<meta property=\"og:type\" content=\"article\" \/>\n<meta property=\"og:title\" content=\"Rocky Island - Enjoy your Diving trip with Royal Evolution\" \/>\n<meta property=\"og:description\" content=\"Rocky Island - Royal Evolution - Prices, liveaboard photos, destinations, contacts, description, online diving reservation.\" \/>\n<meta property=\"og:url\" content=\"https:\/\/royalevolution.com\/de\/diving-in-egypt\/rocky-island\/\" \/>\n<meta property=\"og:site_name\" content=\"Royal Evolution\" \/>\n<meta property=\"article:modified_time\" content=\"2022-07-23T00:28:17+00:00\" \/>\n<meta name=\"twitter:card\" content=\"summary_large_image\" \/>\n<meta name=\"twitter:label1\" content=\"Gesch\u00e4tzte Lesezeit\" \/>\n\t<meta name=\"twitter:data1\" content=\"3 Minuten\" \/>\n<script type=\"application\/ld+json\" class=\"yoast-schema-graph\">{\"@context\":\"https:\/\/schema.org\",\"@graph\":[{\"@type\":\"WebPage\",\"@id\":\"https:\/\/royalevolution.com\/de\/diving-in-egypt\/rocky-island\/\",\"url\":\"https:\/\/royalevolution.com\/de\/diving-in-egypt\/rocky-island\/\",\"name\":\"Rocky Island - Enjoy your Diving trip with Royal Evolution\",\"isPartOf\":{\"@id\":\"https:\/\/royalevolution.com\/#website\"},\"datePublished\":\"2022-07-18T00:09:28+00:00\",\"dateModified\":\"2022-07-23T00:28:17+00:00\",\"description\":\"Rocky Island - Royal Evolution - Prices, liveaboard photos, destinations, contacts, description, online diving reservation.\",\"breadcrumb\":{\"@id\":\"https:\/\/royalevolution.com\/de\/diving-in-egypt\/rocky-island\/#breadcrumb\"},\"inLanguage\":\"de\",\"potentialAction\":[{\"@type\":\"ReadAction\",\"target\":[\"https:\/\/royalevolution.com\/de\/diving-in-egypt\/rocky-island\/\"]}]},{\"@type\":\"BreadcrumbList\",\"@id\":\"https:\/\/royalevolution.com\/de\/diving-in-egypt\/rocky-island\/#breadcrumb\",\"itemListElement\":[{\"@type\":\"ListItem\",\"position\":1,\"name\":\"\u0413\u043b\u0430\u0432\u043d\u0430\u044f \u0441\u0442\u0440\u0430\u043d\u0438\u0446\u0430\",\"item\":\"https:\/\/royalevolution.com\/de\/\"},{\"@type\":\"ListItem\",\"position\":2,\"name\":\"Tauchen in \u00c4gypten\",\"item\":\"https:\/\/royalevolution.com\/de\/diving-in-egypt\/\"},{\"@type\":\"ListItem\",\"position\":3,\"name\":\"Rocky Island\"}]},{\"@type\":\"WebSite\",\"@id\":\"https:\/\/royalevolution.com\/#website\",\"url\":\"https:\/\/royalevolution.com\/\",\"name\":\"Royal Evolution\",\"description\":\"Royal Evolution\",\"potentialAction\":[{\"@type\":\"SearchAction\",\"target\":{\"@type\":\"EntryPoint\",\"urlTemplate\":\"https:\/\/royalevolution.com\/?s={search_term_string}\"},\"query-input\":{\"@type\":\"PropertyValueSpecification\",\"valueRequired\":true,\"valueName\":\"search_term_string\"}}],\"inLanguage\":\"de\"}]}<\/script>\n<!-- \/ Yoast SEO plugin. -->","yoast_head_json":{"title":"Rocky Island - Enjoy your Diving trip with Royal Evolution","description":"Rocky Island - Royal Evolution - Prices, liveaboard photos, destinations, contacts, description, online diving reservation.","robots":{"index":"index","follow":"follow","max-snippet":"max-snippet:-1","max-image-preview":"max-image-preview:large","max-video-preview":"max-video-preview:-1"},"canonical":"https:\/\/royalevolution.com\/de\/diving-in-egypt\/rocky-island\/","og_locale":"de_DE","og_type":"article","og_title":"Rocky Island - Enjoy your Diving trip with Royal Evolution","og_description":"Rocky Island - Royal Evolution - Prices, liveaboard photos, destinations, contacts, description, online diving reservation.","og_url":"https:\/\/royalevolution.com\/de\/diving-in-egypt\/rocky-island\/","og_site_name":"Royal Evolution","article_modified_time":"2022-07-23T00:28:17+00:00","twitter_card":"summary_large_image","twitter_misc":{"Gesch\u00e4tzte Lesezeit":"3 Minuten"},"schema":{"@context":"https:\/\/schema.org","@graph":[{"@type":"WebPage","@id":"https:\/\/royalevolution.com\/de\/diving-in-egypt\/rocky-island\/","url":"https:\/\/royalevolution.com\/de\/diving-in-egypt\/rocky-island\/","name":"Rocky Island - Enjoy your Diving trip with Royal Evolution","isPartOf":{"@id":"https:\/\/royalevolution.com\/#website"},"datePublished":"2022-07-18T00:09:28+00:00","dateModified":"2022-07-23T00:28:17+00:00","description":"Rocky Island - Royal Evolution - Prices, liveaboard photos, destinations, contacts, description, online diving reservation.","breadcrumb":{"@id":"https:\/\/royalevolution.com\/de\/diving-in-egypt\/rocky-island\/#breadcrumb"},"inLanguage":"de","potentialAction":[{"@type":"ReadAction","target":["https:\/\/royalevolution.com\/de\/diving-in-egypt\/rocky-island\/"]}]},{"@type":"BreadcrumbList","@id":"https:\/\/royalevolution.com\/de\/diving-in-egypt\/rocky-island\/#breadcrumb","itemListElement":[{"@type":"ListItem","position":1,"name":"\u0413\u043b\u0430\u0432\u043d\u0430\u044f \u0441\u0442\u0440\u0430\u043d\u0438\u0446\u0430","item":"https:\/\/royalevolution.com\/de\/"},{"@type":"ListItem","position":2,"name":"Tauchen in \u00c4gypten","item":"https:\/\/royalevolution.com\/de\/diving-in-egypt\/"},{"@type":"ListItem","position":3,"name":"Rocky Island"}]},{"@type":"WebSite","@id":"https:\/\/royalevolution.com\/#website","url":"https:\/\/royalevolution.com\/","name":"Royal Evolution","description":"Royal Evolution","potentialAction":[{"@type":"SearchAction","target":{"@type":"EntryPoint","urlTemplate":"https:\/\/royalevolution.com\/?s={search_term_string}"},"query-input":{"@type":"PropertyValueSpecification","valueRequired":true,"valueName":"search_term_string"}}],"inLanguage":"de"}]}},"_links":{"self":[{"href":"https:\/\/royalevolution.com\/de\/wp-json\/wp\/v2\/pages\/4377","targetHints":{"allow":["GET"]}}],"collection":[{"href":"https:\/\/royalevolution.com\/de\/wp-json\/wp\/v2\/pages"}],"about":[{"href":"https:\/\/royalevolution.com\/de\/wp-json\/wp\/v2\/types\/page"}],"author":[{"embeddable":true,"href":"https:\/\/royalevolution.com\/de\/wp-json\/wp\/v2\/users\/2"}],"replies":[{"embeddable":true,"href":"https:\/\/royalevolution.com\/de\/wp-json\/wp\/v2\/comments?post=4377"}],"version-history":[{"count":1,"href":"https:\/\/royalevolution.com\/de\/wp-json\/wp\/v2\/pages\/4377\/revisions"}],"predecessor-version":[{"id":4378,"href":"https:\/\/royalevolution.com\/de\/wp-json\/wp\/v2\/pages\/4377\/revisions\/4378"}],"up":[{"embeddable":true,"href":"https:\/\/royalevolution.com\/de\/wp-json\/wp\/v2\/pages\/2468"}],"wp:attachment":[{"href":"https:\/\/royalevolution.com\/de\/wp-json\/wp\/v2\/media?parent=4377"}],"curies":[{"name":"wp","href":"https:\/\/api.w.org\/{rel}","templated":true}]}}