{"id":4380,"date":"2022-07-17T23:54:12","date_gmt":"2022-07-17T23:54:12","guid":{"rendered":"https:\/\/royalevolution.com\/diving-in-egypt\/st-john\/"},"modified":"2022-07-23T00:29:03","modified_gmt":"2022-07-23T00:29:03","slug":"st-john","status":"publish","type":"page","link":"https:\/\/royalevolution.com\/de\/diving-in-egypt\/st-john\/","title":{"rendered":"St. John"},"content":{"rendered":"<div class=\"fusion-fullwidth fullwidth-box fusion-builder-row-1 fusion-flex-container nonhundred-percent-fullwidth non-hundred-percent-height-scrolling\" style=\"background-color: #ffffff;background-position: center center;background-repeat: no-repeat;border-width: 0px 0px 0px 0px;border-color:#eae9e9;border-style:solid;\" ><div class=\"fusion-builder-row fusion-row fusion-flex-align-items-flex-start\" style=\"max-width:1248px;margin-left: calc(-4% \/ 2 );margin-right: calc(-4% \/ 2 );\"><div class=\"fusion-layout-column fusion_builder_column fusion-builder-column-0 fusion_builder_column_3_5 3_5 fusion-flex-column\"><div class=\"fusion-column-wrapper fusion-flex-justify-content-flex-start fusion-content-layout-column\" style=\"background-position:left top;background-repeat:no-repeat;-webkit-background-size:cover;-moz-background-size:cover;-o-background-size:cover;background-size:cover;padding: 0px 0px 0px 0px;\"><div class=\"fusion-text fusion-text-1\"><p>Die Gegend rund um St. John wird nur von wenigen Tauchsafaris besucht, die meist auch nur einen oder maximal eineinhalb Tage bleiben. Das ist einer der gr\u00f6\u00dften Vorteile dieses Tauchorts.<\/p>\n<p>Mit warmem, kristallklarem Wasser und erstaunlichen Sehensw\u00fcrdigkeiten wie H\u00f6hlen, Korallenriffen und wundersch\u00f6nen tropischen Fischen gibt es eine ganze Unterwasserwelt, die nur darauf wartet, erkundet zu werden, wenn wir nach St. John fahren.<\/p>\n<p>Tats\u00e4chlich bietet St. John fabelhafte Orte, die getaucht werden k\u00f6nnen. Atemberaubende Korallen sowie gro\u00dfe Fischschw\u00e4rme, Schildkr\u00f6ten, Delfine und Haie. Es handelt sich dabei um eine Ansammlung kleiner Riffe im \u00e4u\u00dfersten S\u00fcden \u00c4gyptens mit einer Fl\u00e4che von etwa 290 km2.<\/p>\n<p>Die Riffe von St. John liegen in einer Bucht direkt s\u00fcdlich der Halbinsel Ras Banas und nahe der sudanesischen Grenze und bieten eine gro\u00dfe Vielfalt an Tauchumgebungen.<\/p>\n<p>Zu den H\u00f6hepunkten des Tauchens im tiefen S\u00fcden des Roten Meeres geh\u00f6ren einige gro\u00dfartige Korallenw\u00e4nde und -g\u00e4rten, darunter eine Mischung aus Weich- und Hartkorallenformationen, viele Tunnel und H\u00f6hlen und eine gro\u00dfartige Sicht. Wahrscheinlich die Beste im Roten Meer.<\/p>\n<p>Das Riff- und Fischleben ist noch unber\u00fchrt und die tiefen W\u00e4nde und Str\u00f6mungen an einigen Tauchpl\u00e4tzen ziehen Graue Riff-, Hammerhai-, Ozean- und manchmal Fuchshaie sowie andere Raubfische wie Barrakudas und Makrelen an.<\/p>\n<\/div><\/div><style type=\"text\/css\">.fusion-body .fusion-builder-column-0{width:60% !important;margin-top : 0px;margin-bottom : 20px;}.fusion-builder-column-0 > .fusion-column-wrapper {padding-top : 0px !important;padding-right : 0px !important;margin-right : 3.2%;padding-bottom : 0px !important;padding-left : 0px !important;margin-left : 3.2%;}@media only screen and (max-width:1023px) {.fusion-body .fusion-builder-column-0{width:100% !important;order : 0;}.fusion-builder-column-0 > .fusion-column-wrapper {margin-right : 1.92%;margin-left : 1.92%;}}@media only screen and (max-width:691px) {.fusion-body .fusion-builder-column-0{width:100% !important;order : 0;}.fusion-builder-column-0 > .fusion-column-wrapper {margin-right : 1.92%;margin-left : 1.92%;}}<\/style><\/div><div class=\"fusion-layout-column fusion_builder_column fusion-builder-column-1 fusion_builder_column_2_5 2_5 fusion-flex-column\"><div class=\"fusion-column-wrapper fusion-flex-justify-content-flex-start fusion-content-layout-column\" style=\"background-position:left top;background-repeat:no-repeat;-webkit-background-size:cover;-moz-background-size:cover;-o-background-size:cover;background-size:cover;padding: 0px 0px 0px 0px;\"><div ><div class=\"imageframe-liftup\"><span class=\" fusion-imageframe imageframe-dropshadow imageframe-1\" style=\"-webkit-box-shadow: 3px 3px 7px rgba(0,0,0,0.3);box-shadow: 3px 3px 7px rgba(0,0,0,0.3);\"><a href=\"https:\/\/royalevolution.com\/wp-content\/uploads\/2022\/07\/Gorgonian-softcoral-copy.jpg\" class=\"fusion-lightbox\" data-rel=\"iLightbox[71479a24ff34463eaf5]\" data-title=\"Gorgonian softcoral copy\" title=\"Gorgonian softcoral copy\"><img decoding=\"async\" width=\"500\" height=\"702\" src=\"https:\/\/royalevolution.com\/wp-content\/uploads\/2022\/07\/Gorgonian-softcoral-copy.jpg\" class=\"img-responsive wp-image-3761\" srcset=\"https:\/\/royalevolution.com\/wp-content\/uploads\/2022\/07\/Gorgonian-softcoral-copy-200x281.jpg 200w, https:\/\/royalevolution.com\/wp-content\/uploads\/2022\/07\/Gorgonian-softcoral-copy-400x562.jpg 400w, https:\/\/royalevolution.com\/wp-content\/uploads\/2022\/07\/Gorgonian-softcoral-copy.jpg 500w\" sizes=\"(max-width: 1023px) 100vw, (max-width: 691px) 100vw, 500px\" \/><\/a><\/span><\/div><\/div><div class=\"fusion-text fusion-text-2\" style=\"margin-top:20px;\"><div style=\"padding: 56.25% 0 0 0; position: relative;\"><iframe style=\"position: absolute; top: 0; left: 0; width: 100%; height: 100%;\" title=\"St Johns (Egypt) - Royal Evolution\" src=\"https:\/\/player.vimeo.com\/video\/731936272?h=689f187ddf&amp;badge=0&amp;autopause=0&amp;player_id=0&amp;app_id=58479\" frameborder=\"0\" allowfullscreen=\"allowfullscreen\"><\/iframe><\/div>\n<p><script src=\"https:\/\/player.vimeo.com\/api\/player.js\"><\/script><\/p>\n<\/div><\/div><style type=\"text\/css\">.fusion-body .fusion-builder-column-1{width:40% !important;margin-top : 0px;margin-bottom : 20px;}.fusion-builder-column-1 > .fusion-column-wrapper {padding-top : 0px !important;padding-right : 0px !important;margin-right : 4.8%;padding-bottom : 0px !important;padding-left : 0px !important;margin-left : 4.8%;}@media only screen and (max-width:1023px) {.fusion-body .fusion-builder-column-1{width:100% !important;order : 0;}.fusion-builder-column-1 > .fusion-column-wrapper {margin-right : 1.92%;margin-left : 1.92%;}}@media only screen and (max-width:691px) {.fusion-body .fusion-builder-column-1{width:100% !important;order : 0;}.fusion-builder-column-1 > .fusion-column-wrapper {margin-right : 1.92%;margin-left : 1.92%;}}<\/style><\/div><\/div><style type=\"text\/css\">.fusion-body .fusion-flex-container.fusion-builder-row-1{ padding-top : 30px;margin-top : 0px;padding-right : 15px;padding-bottom : 10px;margin-bottom : 0px;padding-left : 15px;}<\/style><\/div>\n","protected":false},"excerpt":{"rendered":"","protected":false},"author":2,"featured_media":0,"parent":2468,"menu_order":0,"comment_status":"closed","ping_status":"closed","template":"","meta":{"footnotes":""},"class_list":["post-4380","page","type-page","status-publish","hentry"],"yoast_head":"<!-- This site is optimized with the Yoast SEO plugin v25.1 - https:\/\/yoast.com\/wordpress\/plugins\/seo\/ -->\n<title>St. John - Enjoy your Diving trip with Royal Evolution<\/title>\n<meta name=\"description\" content=\"St. John - Royal Evolution - Prices, liveaboard photos, destinations, contacts, description, online diving reservation.\" \/>\n<meta name=\"robots\" content=\"index, follow, max-snippet:-1, max-image-preview:large, max-video-preview:-1\" \/>\n<link rel=\"canonical\" href=\"https:\/\/royalevolution.com\/de\/diving-in-egypt\/st-john\/\" \/>\n<meta property=\"og:locale\" content=\"de_DE\" \/>\n<meta property=\"og:type\" content=\"article\" \/>\n<meta property=\"og:title\" content=\"St. John - Enjoy your Diving trip with Royal Evolution\" \/>\n<meta property=\"og:description\" content=\"St. John - Royal Evolution - Prices, liveaboard photos, destinations, contacts, description, online diving reservation.\" \/>\n<meta property=\"og:url\" content=\"https:\/\/royalevolution.com\/de\/diving-in-egypt\/st-john\/\" \/>\n<meta property=\"og:site_name\" content=\"Royal Evolution\" \/>\n<meta property=\"article:modified_time\" content=\"2022-07-23T00:29:03+00:00\" \/>\n<meta name=\"twitter:card\" content=\"summary_large_image\" \/>\n<meta name=\"twitter:label1\" content=\"Gesch\u00e4tzte Lesezeit\" \/>\n\t<meta name=\"twitter:data1\" content=\"3 Minuten\" \/>\n<script type=\"application\/ld+json\" class=\"yoast-schema-graph\">{\"@context\":\"https:\/\/schema.org\",\"@graph\":[{\"@type\":\"WebPage\",\"@id\":\"https:\/\/royalevolution.com\/de\/diving-in-egypt\/st-john\/\",\"url\":\"https:\/\/royalevolution.com\/de\/diving-in-egypt\/st-john\/\",\"name\":\"St. John - Enjoy your Diving trip with Royal Evolution\",\"isPartOf\":{\"@id\":\"https:\/\/royalevolution.com\/#website\"},\"datePublished\":\"2022-07-17T23:54:12+00:00\",\"dateModified\":\"2022-07-23T00:29:03+00:00\",\"description\":\"St. John - Royal Evolution - Prices, liveaboard photos, destinations, contacts, description, online diving reservation.\",\"breadcrumb\":{\"@id\":\"https:\/\/royalevolution.com\/de\/diving-in-egypt\/st-john\/#breadcrumb\"},\"inLanguage\":\"de\",\"potentialAction\":[{\"@type\":\"ReadAction\",\"target\":[\"https:\/\/royalevolution.com\/de\/diving-in-egypt\/st-john\/\"]}]},{\"@type\":\"BreadcrumbList\",\"@id\":\"https:\/\/royalevolution.com\/de\/diving-in-egypt\/st-john\/#breadcrumb\",\"itemListElement\":[{\"@type\":\"ListItem\",\"position\":1,\"name\":\"\u0413\u043b\u0430\u0432\u043d\u0430\u044f \u0441\u0442\u0440\u0430\u043d\u0438\u0446\u0430\",\"item\":\"https:\/\/royalevolution.com\/de\/\"},{\"@type\":\"ListItem\",\"position\":2,\"name\":\"Tauchen in \u00c4gypten\",\"item\":\"https:\/\/royalevolution.com\/de\/diving-in-egypt\/\"},{\"@type\":\"ListItem\",\"position\":3,\"name\":\"St. John\"}]},{\"@type\":\"WebSite\",\"@id\":\"https:\/\/royalevolution.com\/#website\",\"url\":\"https:\/\/royalevolution.com\/\",\"name\":\"Royal Evolution\",\"description\":\"Royal Evolution\",\"potentialAction\":[{\"@type\":\"SearchAction\",\"target\":{\"@type\":\"EntryPoint\",\"urlTemplate\":\"https:\/\/royalevolution.com\/?s={search_term_string}\"},\"query-input\":{\"@type\":\"PropertyValueSpecification\",\"valueRequired\":true,\"valueName\":\"search_term_string\"}}],\"inLanguage\":\"de\"}]}<\/script>\n<!-- \/ Yoast SEO plugin. -->","yoast_head_json":{"title":"St. John - Enjoy your Diving trip with Royal Evolution","description":"St. John - Royal Evolution - Prices, liveaboard photos, destinations, contacts, description, online diving reservation.","robots":{"index":"index","follow":"follow","max-snippet":"max-snippet:-1","max-image-preview":"max-image-preview:large","max-video-preview":"max-video-preview:-1"},"canonical":"https:\/\/royalevolution.com\/de\/diving-in-egypt\/st-john\/","og_locale":"de_DE","og_type":"article","og_title":"St. John - Enjoy your Diving trip with Royal Evolution","og_description":"St. John - Royal Evolution - Prices, liveaboard photos, destinations, contacts, description, online diving reservation.","og_url":"https:\/\/royalevolution.com\/de\/diving-in-egypt\/st-john\/","og_site_name":"Royal Evolution","article_modified_time":"2022-07-23T00:29:03+00:00","twitter_card":"summary_large_image","twitter_misc":{"Gesch\u00e4tzte Lesezeit":"3 Minuten"},"schema":{"@context":"https:\/\/schema.org","@graph":[{"@type":"WebPage","@id":"https:\/\/royalevolution.com\/de\/diving-in-egypt\/st-john\/","url":"https:\/\/royalevolution.com\/de\/diving-in-egypt\/st-john\/","name":"St. John - Enjoy your Diving trip with Royal Evolution","isPartOf":{"@id":"https:\/\/royalevolution.com\/#website"},"datePublished":"2022-07-17T23:54:12+00:00","dateModified":"2022-07-23T00:29:03+00:00","description":"St. John - Royal Evolution - Prices, liveaboard photos, destinations, contacts, description, online diving reservation.","breadcrumb":{"@id":"https:\/\/royalevolution.com\/de\/diving-in-egypt\/st-john\/#breadcrumb"},"inLanguage":"de","potentialAction":[{"@type":"ReadAction","target":["https:\/\/royalevolution.com\/de\/diving-in-egypt\/st-john\/"]}]},{"@type":"BreadcrumbList","@id":"https:\/\/royalevolution.com\/de\/diving-in-egypt\/st-john\/#breadcrumb","itemListElement":[{"@type":"ListItem","position":1,"name":"\u0413\u043b\u0430\u0432\u043d\u0430\u044f \u0441\u0442\u0440\u0430\u043d\u0438\u0446\u0430","item":"https:\/\/royalevolution.com\/de\/"},{"@type":"ListItem","position":2,"name":"Tauchen in \u00c4gypten","item":"https:\/\/royalevolution.com\/de\/diving-in-egypt\/"},{"@type":"ListItem","position":3,"name":"St. John"}]},{"@type":"WebSite","@id":"https:\/\/royalevolution.com\/#website","url":"https:\/\/royalevolution.com\/","name":"Royal Evolution","description":"Royal Evolution","potentialAction":[{"@type":"SearchAction","target":{"@type":"EntryPoint","urlTemplate":"https:\/\/royalevolution.com\/?s={search_term_string}"},"query-input":{"@type":"PropertyValueSpecification","valueRequired":true,"valueName":"search_term_string"}}],"inLanguage":"de"}]}},"_links":{"self":[{"href":"https:\/\/royalevolution.com\/de\/wp-json\/wp\/v2\/pages\/4380","targetHints":{"allow":["GET"]}}],"collection":[{"href":"https:\/\/royalevolution.com\/de\/wp-json\/wp\/v2\/pages"}],"about":[{"href":"https:\/\/royalevolution.com\/de\/wp-json\/wp\/v2\/types\/page"}],"author":[{"embeddable":true,"href":"https:\/\/royalevolution.com\/de\/wp-json\/wp\/v2\/users\/2"}],"replies":[{"embeddable":true,"href":"https:\/\/royalevolution.com\/de\/wp-json\/wp\/v2\/comments?post=4380"}],"version-history":[{"count":1,"href":"https:\/\/royalevolution.com\/de\/wp-json\/wp\/v2\/pages\/4380\/revisions"}],"predecessor-version":[{"id":4381,"href":"https:\/\/royalevolution.com\/de\/wp-json\/wp\/v2\/pages\/4380\/revisions\/4381"}],"up":[{"embeddable":true,"href":"https:\/\/royalevolution.com\/de\/wp-json\/wp\/v2\/pages\/2468"}],"wp:attachment":[{"href":"https:\/\/royalevolution.com\/de\/wp-json\/wp\/v2\/media?parent=4380"}],"curies":[{"name":"wp","href":"https:\/\/api.w.org\/{rel}","templated":true}]}}