{"id":4403,"date":"2022-07-19T11:30:31","date_gmt":"2022-07-19T11:30:31","guid":{"rendered":"https:\/\/royalevolution.com\/diving-in-sudan\/dahret-abid\/"},"modified":"2022-07-23T09:39:43","modified_gmt":"2022-07-23T09:39:43","slug":"dahret-abid","status":"publish","type":"page","link":"https:\/\/royalevolution.com\/de\/diving-in-sudan\/dahret-abid\/","title":{"rendered":"Dahret Abid"},"content":{"rendered":"<div class=\"fusion-fullwidth fullwidth-box fusion-builder-row-1 fusion-flex-container nonhundred-percent-fullwidth non-hundred-percent-height-scrolling\" style=\"background-color: #ffffff;background-position: center center;background-repeat: no-repeat;border-width: 0px 0px 0px 0px;border-color:#eae9e9;border-style:solid;\" ><div class=\"fusion-builder-row fusion-row fusion-flex-align-items-flex-start\" style=\"max-width:1248px;margin-left: calc(-4% \/ 2 );margin-right: calc(-4% \/ 2 );\"><div class=\"fusion-layout-column fusion_builder_column fusion-builder-column-0 fusion_builder_column_3_5 3_5 fusion-flex-column\"><div class=\"fusion-column-wrapper fusion-flex-justify-content-flex-start fusion-content-layout-column\" style=\"background-position:left top;background-repeat:no-repeat;-webkit-background-size:cover;-moz-background-size:cover;-o-background-size:cover;background-size:cover;padding: 0px 0px 0px 0px;\"><div class=\"fusion-text fusion-text-1\"><p>Dies ist eine Insel 18 sm n\u00f6rdlich der eritreischen Grenze. Der morgendliche Tauchgang findet auf der Ostseite statt, wo sich ein kleines Plateau ins Blaue erstreckt.<\/p>\n<p>Der erste Teil des Tauchgangs geht ins Blaue, wo normalerweise eine riesige Schule von Hammerhaien und viele Graue Riffhaie sehr neugierig an die Taucher zuschwimmen.<\/p>\n<p>Dann wird zur\u00fcck zum Plateau getaucht, wo unter Tischkorallen riesige S\u00fc\u00dflippenfische neben schl\u00e4frigen Wei\u00dfspitzenhaien und vielen verschiedenen Schnapperarten allgegenw\u00e4rtig sind.<\/p>\n<p>Weiter s\u00fcd\u00f6stlich gibt es eine gro\u00dfe Menge an Fischen, die Riffwand ist reich an schwarzen Korallen, und dieser Ort ist sicherlich einer der bemerkenswertesten Tauchpl\u00e4tze im Sudan.<\/p>\n<p>Der Nachmittagstauchgang findet auf der Westseite der Insel statt, wo Millionen von Doktorfischen entlang der wundersch\u00f6nen Steilwand langsam mit Schw\u00e4rmen von Makrelen, Thunfischen und Barrakudas schwimmen.<\/p>\n<p>Das Riff ist unglaublich sch\u00f6n, Hart-, Weichkorallen und unbekannte Korallenarten bedecken die Riffwand und Sicherheitsstopp werden immer von einigen jungen Seidenhaien begleitet.<\/p>\n<\/div><\/div><style type=\"text\/css\">.fusion-body .fusion-builder-column-0{width:60% !important;margin-top : 0px;margin-bottom : 20px;}.fusion-builder-column-0 > .fusion-column-wrapper {padding-top : 0px !important;padding-right : 0px !important;margin-right : 3.2%;padding-bottom : 0px !important;padding-left : 0px !important;margin-left : 3.2%;}@media only screen and (max-width:1023px) {.fusion-body .fusion-builder-column-0{width:100% !important;order : 0;}.fusion-builder-column-0 > .fusion-column-wrapper {margin-right : 1.92%;margin-left : 1.92%;}}@media only screen and (max-width:691px) {.fusion-body .fusion-builder-column-0{width:100% !important;order : 0;}.fusion-builder-column-0 > .fusion-column-wrapper {margin-right : 1.92%;margin-left : 1.92%;}}<\/style><\/div><div class=\"fusion-layout-column fusion_builder_column fusion-builder-column-1 fusion_builder_column_2_5 2_5 fusion-flex-column\"><div class=\"fusion-column-wrapper fusion-flex-justify-content-flex-start fusion-content-layout-column\" style=\"background-position:left top;background-repeat:no-repeat;-webkit-background-size:cover;-moz-background-size:cover;-o-background-size:cover;background-size:cover;padding: 0px 0px 0px 0px;\"><div ><div class=\"imageframe-liftup\"><span class=\" fusion-imageframe imageframe-dropshadow imageframe-1\" style=\"-webkit-box-shadow: 3px 3px 7px rgba(0,0,0,0.3);box-shadow: 3px 3px 7px rgba(0,0,0,0.3);\"><a href=\"https:\/\/royalevolution.com\/wp-content\/uploads\/2022\/07\/Royal-Evolution-Sudan011.jpg\" class=\"fusion-lightbox\" data-rel=\"iLightbox[267c97a24d7a357f364]\" data-title=\"Royal Evolution Sudan011\" title=\"Royal Evolution Sudan011\"><img decoding=\"async\" width=\"600\" height=\"410\" src=\"https:\/\/royalevolution.com\/wp-content\/uploads\/2022\/07\/Royal-Evolution-Sudan011-600x410.jpg\" class=\"img-responsive wp-image-4104\" srcset=\"https:\/\/royalevolution.com\/wp-content\/uploads\/2022\/07\/Royal-Evolution-Sudan011-200x137.jpg 200w, https:\/\/royalevolution.com\/wp-content\/uploads\/2022\/07\/Royal-Evolution-Sudan011-400x273.jpg 400w, https:\/\/royalevolution.com\/wp-content\/uploads\/2022\/07\/Royal-Evolution-Sudan011-600x410.jpg 600w, https:\/\/royalevolution.com\/wp-content\/uploads\/2022\/07\/Royal-Evolution-Sudan011-800x547.jpg 800w, https:\/\/royalevolution.com\/wp-content\/uploads\/2022\/07\/Royal-Evolution-Sudan011-1200x820.jpg 1200w\" sizes=\"(max-width: 1023px) 100vw, (max-width: 691px) 100vw, 600px\" \/><\/a><\/span><\/div><\/div><div class=\"fusion-text fusion-text-2\" style=\"margin-top:20px;\"><div style=\"padding: 75% 0 0 0; position: relative;\"><iframe style=\"position: absolute; top: 0; left: 0; width: 100%; height: 100%;\" title=\"Darat Abid (Sudan) - Royal Evolution\" src=\"https:\/\/player.vimeo.com\/video\/731934723?h=c2122e86b6&amp;badge=0&amp;autopause=0&amp;player_id=0&amp;app_id=58479\" frameborder=\"0\" allowfullscreen=\"allowfullscreen\"><\/iframe><\/div>\n<p><script src=\"https:\/\/player.vimeo.com\/api\/player.js\"><\/script><\/p>\n<\/div><\/div><style type=\"text\/css\">.fusion-body .fusion-builder-column-1{width:40% !important;margin-top : 0px;margin-bottom : 20px;}.fusion-builder-column-1 > .fusion-column-wrapper {padding-top : 0px !important;padding-right : 0px !important;margin-right : 4.8%;padding-bottom : 0px !important;padding-left : 0px !important;margin-left : 4.8%;}@media only screen and (max-width:1023px) {.fusion-body .fusion-builder-column-1{width:100% !important;order : 0;}.fusion-builder-column-1 > .fusion-column-wrapper {margin-right : 1.92%;margin-left : 1.92%;}}@media only screen and (max-width:691px) {.fusion-body .fusion-builder-column-1{width:100% !important;order : 0;}.fusion-builder-column-1 > .fusion-column-wrapper {margin-right : 1.92%;margin-left : 1.92%;}}<\/style><\/div><\/div><style type=\"text\/css\">.fusion-body .fusion-flex-container.fusion-builder-row-1{ padding-top : 30px;margin-top : 0px;padding-right : 15px;padding-bottom : 10px;margin-bottom : 0px;padding-left : 15px;}<\/style><\/div>\n","protected":false},"excerpt":{"rendered":"","protected":false},"author":2,"featured_media":0,"parent":2958,"menu_order":0,"comment_status":"closed","ping_status":"closed","template":"","meta":{"footnotes":""},"class_list":["post-4403","page","type-page","status-publish","hentry"],"yoast_head":"<!-- This site is optimized with the Yoast SEO plugin v25.1 - https:\/\/yoast.com\/wordpress\/plugins\/seo\/ -->\n<title>Dahret Abid - Enjoy your Diving trip with Royal Evolution<\/title>\n<meta name=\"description\" content=\"Dahret Abid - Royal Evolution - Prices, liveaboard photos, destinations, contacts, description, online diving reservation.\" \/>\n<meta name=\"robots\" content=\"index, follow, max-snippet:-1, max-image-preview:large, max-video-preview:-1\" \/>\n<link rel=\"canonical\" href=\"https:\/\/royalevolution.com\/de\/diving-in-sudan\/dahret-abid\/\" \/>\n<meta property=\"og:locale\" content=\"de_DE\" \/>\n<meta property=\"og:type\" content=\"article\" \/>\n<meta property=\"og:title\" content=\"Dahret Abid - Enjoy your Diving trip with Royal Evolution\" \/>\n<meta property=\"og:description\" content=\"Dahret Abid - Royal Evolution - Prices, liveaboard photos, destinations, contacts, description, online diving reservation.\" \/>\n<meta property=\"og:url\" content=\"https:\/\/royalevolution.com\/de\/diving-in-sudan\/dahret-abid\/\" \/>\n<meta property=\"og:site_name\" content=\"Royal Evolution\" \/>\n<meta property=\"article:modified_time\" content=\"2022-07-23T09:39:43+00:00\" \/>\n<meta name=\"twitter:card\" content=\"summary_large_image\" \/>\n<meta name=\"twitter:label1\" content=\"Gesch\u00e4tzte Lesezeit\" \/>\n\t<meta name=\"twitter:data1\" content=\"3 Minuten\" \/>\n<script type=\"application\/ld+json\" class=\"yoast-schema-graph\">{\"@context\":\"https:\/\/schema.org\",\"@graph\":[{\"@type\":\"WebPage\",\"@id\":\"https:\/\/royalevolution.com\/de\/diving-in-sudan\/dahret-abid\/\",\"url\":\"https:\/\/royalevolution.com\/de\/diving-in-sudan\/dahret-abid\/\",\"name\":\"Dahret Abid - Enjoy your Diving trip with Royal Evolution\",\"isPartOf\":{\"@id\":\"https:\/\/royalevolution.com\/#website\"},\"datePublished\":\"2022-07-19T11:30:31+00:00\",\"dateModified\":\"2022-07-23T09:39:43+00:00\",\"description\":\"Dahret Abid - Royal Evolution - Prices, liveaboard photos, destinations, contacts, description, online diving reservation.\",\"breadcrumb\":{\"@id\":\"https:\/\/royalevolution.com\/de\/diving-in-sudan\/dahret-abid\/#breadcrumb\"},\"inLanguage\":\"de\",\"potentialAction\":[{\"@type\":\"ReadAction\",\"target\":[\"https:\/\/royalevolution.com\/de\/diving-in-sudan\/dahret-abid\/\"]}]},{\"@type\":\"BreadcrumbList\",\"@id\":\"https:\/\/royalevolution.com\/de\/diving-in-sudan\/dahret-abid\/#breadcrumb\",\"itemListElement\":[{\"@type\":\"ListItem\",\"position\":1,\"name\":\"\u0413\u043b\u0430\u0432\u043d\u0430\u044f \u0441\u0442\u0440\u0430\u043d\u0438\u0446\u0430\",\"item\":\"https:\/\/royalevolution.com\/de\/\"},{\"@type\":\"ListItem\",\"position\":2,\"name\":\"Tauchen im Sudan\",\"item\":\"https:\/\/royalevolution.com\/de\/diving-in-sudan\/\"},{\"@type\":\"ListItem\",\"position\":3,\"name\":\"Dahret Abid\"}]},{\"@type\":\"WebSite\",\"@id\":\"https:\/\/royalevolution.com\/#website\",\"url\":\"https:\/\/royalevolution.com\/\",\"name\":\"Royal Evolution\",\"description\":\"Royal Evolution\",\"potentialAction\":[{\"@type\":\"SearchAction\",\"target\":{\"@type\":\"EntryPoint\",\"urlTemplate\":\"https:\/\/royalevolution.com\/?s={search_term_string}\"},\"query-input\":{\"@type\":\"PropertyValueSpecification\",\"valueRequired\":true,\"valueName\":\"search_term_string\"}}],\"inLanguage\":\"de\"}]}<\/script>\n<!-- \/ Yoast SEO plugin. -->","yoast_head_json":{"title":"Dahret Abid - Enjoy your Diving trip with Royal Evolution","description":"Dahret Abid - Royal Evolution - Prices, liveaboard photos, destinations, contacts, description, online diving reservation.","robots":{"index":"index","follow":"follow","max-snippet":"max-snippet:-1","max-image-preview":"max-image-preview:large","max-video-preview":"max-video-preview:-1"},"canonical":"https:\/\/royalevolution.com\/de\/diving-in-sudan\/dahret-abid\/","og_locale":"de_DE","og_type":"article","og_title":"Dahret Abid - Enjoy your Diving trip with Royal Evolution","og_description":"Dahret Abid - Royal Evolution - Prices, liveaboard photos, destinations, contacts, description, online diving reservation.","og_url":"https:\/\/royalevolution.com\/de\/diving-in-sudan\/dahret-abid\/","og_site_name":"Royal Evolution","article_modified_time":"2022-07-23T09:39:43+00:00","twitter_card":"summary_large_image","twitter_misc":{"Gesch\u00e4tzte Lesezeit":"3 Minuten"},"schema":{"@context":"https:\/\/schema.org","@graph":[{"@type":"WebPage","@id":"https:\/\/royalevolution.com\/de\/diving-in-sudan\/dahret-abid\/","url":"https:\/\/royalevolution.com\/de\/diving-in-sudan\/dahret-abid\/","name":"Dahret Abid - Enjoy your Diving trip with Royal Evolution","isPartOf":{"@id":"https:\/\/royalevolution.com\/#website"},"datePublished":"2022-07-19T11:30:31+00:00","dateModified":"2022-07-23T09:39:43+00:00","description":"Dahret Abid - Royal Evolution - Prices, liveaboard photos, destinations, contacts, description, online diving reservation.","breadcrumb":{"@id":"https:\/\/royalevolution.com\/de\/diving-in-sudan\/dahret-abid\/#breadcrumb"},"inLanguage":"de","potentialAction":[{"@type":"ReadAction","target":["https:\/\/royalevolution.com\/de\/diving-in-sudan\/dahret-abid\/"]}]},{"@type":"BreadcrumbList","@id":"https:\/\/royalevolution.com\/de\/diving-in-sudan\/dahret-abid\/#breadcrumb","itemListElement":[{"@type":"ListItem","position":1,"name":"\u0413\u043b\u0430\u0432\u043d\u0430\u044f \u0441\u0442\u0440\u0430\u043d\u0438\u0446\u0430","item":"https:\/\/royalevolution.com\/de\/"},{"@type":"ListItem","position":2,"name":"Tauchen im Sudan","item":"https:\/\/royalevolution.com\/de\/diving-in-sudan\/"},{"@type":"ListItem","position":3,"name":"Dahret Abid"}]},{"@type":"WebSite","@id":"https:\/\/royalevolution.com\/#website","url":"https:\/\/royalevolution.com\/","name":"Royal Evolution","description":"Royal Evolution","potentialAction":[{"@type":"SearchAction","target":{"@type":"EntryPoint","urlTemplate":"https:\/\/royalevolution.com\/?s={search_term_string}"},"query-input":{"@type":"PropertyValueSpecification","valueRequired":true,"valueName":"search_term_string"}}],"inLanguage":"de"}]}},"_links":{"self":[{"href":"https:\/\/royalevolution.com\/de\/wp-json\/wp\/v2\/pages\/4403","targetHints":{"allow":["GET"]}}],"collection":[{"href":"https:\/\/royalevolution.com\/de\/wp-json\/wp\/v2\/pages"}],"about":[{"href":"https:\/\/royalevolution.com\/de\/wp-json\/wp\/v2\/types\/page"}],"author":[{"embeddable":true,"href":"https:\/\/royalevolution.com\/de\/wp-json\/wp\/v2\/users\/2"}],"replies":[{"embeddable":true,"href":"https:\/\/royalevolution.com\/de\/wp-json\/wp\/v2\/comments?post=4403"}],"version-history":[{"count":1,"href":"https:\/\/royalevolution.com\/de\/wp-json\/wp\/v2\/pages\/4403\/revisions"}],"predecessor-version":[{"id":4404,"href":"https:\/\/royalevolution.com\/de\/wp-json\/wp\/v2\/pages\/4403\/revisions\/4404"}],"up":[{"embeddable":true,"href":"https:\/\/royalevolution.com\/de\/wp-json\/wp\/v2\/pages\/2958"}],"wp:attachment":[{"href":"https:\/\/royalevolution.com\/de\/wp-json\/wp\/v2\/media?parent=4403"}],"curies":[{"name":"wp","href":"https:\/\/api.w.org\/{rel}","templated":true}]}}