{"id":4421,"date":"2022-07-19T11:21:02","date_gmt":"2022-07-19T11:21:02","guid":{"rendered":"https:\/\/royalevolution.com\/diving-in-sudan\/sanganeb-atol\/"},"modified":"2022-07-23T09:43:42","modified_gmt":"2022-07-23T09:43:42","slug":"sanganeb-atol","status":"publish","type":"page","link":"https:\/\/royalevolution.com\/de\/diving-in-sudan\/sanganeb-atol\/","title":{"rendered":"Sanganeb Atol"},"content":{"rendered":"<div class=\"fusion-fullwidth fullwidth-box fusion-builder-row-1 fusion-flex-container nonhundred-percent-fullwidth non-hundred-percent-height-scrolling\" style=\"background-color: #ffffff;background-position: center center;background-repeat: no-repeat;border-width: 0px 0px 0px 0px;border-color:#eae9e9;border-style:solid;\" ><div class=\"fusion-builder-row fusion-row fusion-flex-align-items-flex-start\" style=\"max-width:1248px;margin-left: calc(-4% \/ 2 );margin-right: calc(-4% \/ 2 );\"><div class=\"fusion-layout-column fusion_builder_column fusion-builder-column-0 fusion_builder_column_3_5 3_5 fusion-flex-column\"><div class=\"fusion-column-wrapper fusion-flex-justify-content-flex-start fusion-content-layout-column\" style=\"background-position:left top;background-repeat:no-repeat;-webkit-background-size:cover;-moz-background-size:cover;-o-background-size:cover;background-size:cover;padding: 0px 0px 0px 0px;\"><div class=\"fusion-text fusion-text-1\"><p>Sanganeb liegt etwa 1,5 Stunden n\u00f6rdlich vom Umbria Wrack. Dieses Riff erhebt sich aus 800 m Tiefe an die Oberfl\u00e4che. Das Korallenriff von Sanganeb ist wirklich ein wundersch\u00f6ner Ort zum Tauchen oder Schnorcheln. Das Riff selbst hat einige der atemberaubendsten Aussichten auf Korallen im Roten Meer zu bieten. Weiterhin befindet sich hier ein von den Briten erbauter Leuchtturm, und in der N\u00e4he gibt es zahlreiche H\u00f6hlen und Schluchten, die von Tauchern getaucht werden k\u00f6nnen. Zwei sudanesische M\u00e4nner k\u00fcmmern sich jeweils vier bis f\u00fcnf Wochen lang um die Instandhaltung des Leuchtturms und Sie sind herzlich eingeladen, auf die Spitze des Leuchtturms zu steigen und \u00fcber das kristallklare Korallenriff zu blicken. Das ist ein unglaublicher Anblick und der Besuch wird von uns w\u00e4rmstens empfohlen. Jeder Gast, der den Leuchtturm bestiegen hat, berichtet von einer anderen Stufenzahl \u2013 Es besteht also keine Einigkeit \u00fcber die Treppenanzahl im Leuchtturm.<\/p>\n<p>Hier m\u00fcssen Sie gar nicht tief tauchen, um das reiche Meeresleben zu sehen. Deshalb eignet sich Sanganeb auch hervorragend zum Schnorcheln. Das S\u00fcdplateau von Sanganeb bietet einen fabelhaften Tauchgang und es k\u00f6nnen Weich- und Hartkorallen mit Schulen von Makrelen, Barrakudas, Thunfischen und Schnappern beobachtet werden. Graue Riffhaie kreuzen in Ihrer N\u00e4he und gelegentlich schwimmen Wei\u00dfspitzen-Riffhaie vorbei. Hier k\u00f6nnen gelegentlich und mit etwas Gl\u00fcck auch Hammerhaie, Ozeanische Wei\u00dfspitzenhaie sowie Mantarochen beobachtet werden.<\/p>\n<p>Auch ein Tauchgang beim Nordplateau lohnt sich. Hier geht es tiefer auf 45 Meter hinab und es sind h\u00e4ufig Schw\u00e4rme von Hammerhaien zu sehen. Auch zu erwarten sind graue Riffhaie, Silberspitzen- und Wei\u00dfspitzenhaie. Das Boot ankert in der Lagune au\u00dferdem an einem Ort, an dem oft eine Schar Delfine herum schwimmen. Mit Ihnen kann geschnorchelt werden.<\/p>\n<\/div><\/div><style type=\"text\/css\">.fusion-body .fusion-builder-column-0{width:60% !important;margin-top : 0px;margin-bottom : 20px;}.fusion-builder-column-0 > .fusion-column-wrapper {padding-top : 0px !important;padding-right : 0px !important;margin-right : 3.2%;padding-bottom : 0px !important;padding-left : 0px !important;margin-left : 3.2%;}@media only screen and (max-width:1023px) {.fusion-body .fusion-builder-column-0{width:100% !important;order : 0;}.fusion-builder-column-0 > .fusion-column-wrapper {margin-right : 1.92%;margin-left : 1.92%;}}@media only screen and (max-width:691px) {.fusion-body .fusion-builder-column-0{width:100% !important;order : 0;}.fusion-builder-column-0 > .fusion-column-wrapper {margin-right : 1.92%;margin-left : 1.92%;}}<\/style><\/div><div class=\"fusion-layout-column fusion_builder_column fusion-builder-column-1 fusion_builder_column_2_5 2_5 fusion-flex-column\"><div class=\"fusion-column-wrapper fusion-flex-justify-content-flex-start fusion-content-layout-column\" style=\"background-position:left top;background-repeat:no-repeat;-webkit-background-size:cover;-moz-background-size:cover;-o-background-size:cover;background-size:cover;padding: 0px 0px 0px 0px;\"><div ><div class=\"imageframe-liftup\"><span class=\" fusion-imageframe imageframe-dropshadow imageframe-1\" style=\"-webkit-box-shadow: 3px 3px 7px rgba(0,0,0,0.3);box-shadow: 3px 3px 7px rgba(0,0,0,0.3);\"><a href=\"https:\/\/royalevolution.com\/wp-content\/uploads\/2022\/07\/Royal-Evolution-Sudan048.jpg\" class=\"fusion-lightbox\" data-rel=\"iLightbox[d898389bf4b2d051431]\" data-title=\"Royal Evolution Sudan048\" title=\"Royal Evolution Sudan048\"><img decoding=\"async\" width=\"600\" height=\"450\" src=\"https:\/\/royalevolution.com\/wp-content\/uploads\/2022\/07\/Royal-Evolution-Sudan048-600x450.jpg\" class=\"img-responsive wp-image-4098\" srcset=\"https:\/\/royalevolution.com\/wp-content\/uploads\/2022\/07\/Royal-Evolution-Sudan048-200x150.jpg 200w, https:\/\/royalevolution.com\/wp-content\/uploads\/2022\/07\/Royal-Evolution-Sudan048-400x300.jpg 400w, https:\/\/royalevolution.com\/wp-content\/uploads\/2022\/07\/Royal-Evolution-Sudan048-600x450.jpg 600w, https:\/\/royalevolution.com\/wp-content\/uploads\/2022\/07\/Royal-Evolution-Sudan048-800x600.jpg 800w, https:\/\/royalevolution.com\/wp-content\/uploads\/2022\/07\/Royal-Evolution-Sudan048-1200x900.jpg 1200w\" sizes=\"(max-width: 1023px) 100vw, (max-width: 691px) 100vw, 600px\" \/><\/a><\/span><\/div><\/div><div class=\"fusion-text fusion-text-2\" style=\"margin-top:20px;\"><div style=\"padding: 75% 0 0 0; position: relative;\"><iframe style=\"position: absolute; top: 0; left: 0; width: 100%; height: 100%;\" title=\"Sanganeb (Sudan) - Royal Evolution\" src=\"https:\/\/player.vimeo.com\/video\/731935194?h=9c10e3fa9e&amp;badge=0&amp;autopause=0&amp;player_id=0&amp;app_id=58479\" frameborder=\"0\" allowfullscreen=\"allowfullscreen\"><\/iframe><\/div>\n<p><script src=\"https:\/\/player.vimeo.com\/api\/player.js\"><\/script><\/p>\n<\/div><\/div><style type=\"text\/css\">.fusion-body .fusion-builder-column-1{width:40% !important;margin-top : 0px;margin-bottom : 20px;}.fusion-builder-column-1 > .fusion-column-wrapper {padding-top : 0px !important;padding-right : 0px !important;margin-right : 4.8%;padding-bottom : 0px !important;padding-left : 0px !important;margin-left : 4.8%;}@media only screen and (max-width:1023px) {.fusion-body .fusion-builder-column-1{width:100% !important;order : 0;}.fusion-builder-column-1 > .fusion-column-wrapper {margin-right : 1.92%;margin-left : 1.92%;}}@media only screen and (max-width:691px) {.fusion-body .fusion-builder-column-1{width:100% !important;order : 0;}.fusion-builder-column-1 > .fusion-column-wrapper {margin-right : 1.92%;margin-left : 1.92%;}}<\/style><\/div><\/div><style type=\"text\/css\">.fusion-body .fusion-flex-container.fusion-builder-row-1{ padding-top : 30px;margin-top : 0px;padding-right : 15px;padding-bottom : 10px;margin-bottom : 0px;padding-left : 15px;}<\/style><\/div>\n","protected":false},"excerpt":{"rendered":"","protected":false},"author":2,"featured_media":0,"parent":2958,"menu_order":0,"comment_status":"closed","ping_status":"closed","template":"","meta":{"footnotes":""},"class_list":["post-4421","page","type-page","status-publish","hentry"],"yoast_head":"<!-- This site is optimized with the Yoast SEO plugin v25.1 - https:\/\/yoast.com\/wordpress\/plugins\/seo\/ -->\n<title>Sanganeb Atol - Enjoy your Diving trip with Royal Evolution<\/title>\n<meta name=\"description\" content=\"Sanganeb Atol - Royal Evolution - Prices, liveaboard photos, destinations, contacts, description, online diving reservation.\" \/>\n<meta name=\"robots\" content=\"index, follow, max-snippet:-1, max-image-preview:large, max-video-preview:-1\" \/>\n<link rel=\"canonical\" href=\"https:\/\/royalevolution.com\/de\/diving-in-sudan\/sanganeb-atol\/\" \/>\n<meta property=\"og:locale\" content=\"de_DE\" \/>\n<meta property=\"og:type\" content=\"article\" \/>\n<meta property=\"og:title\" content=\"Sanganeb Atol - Enjoy your Diving trip with Royal Evolution\" \/>\n<meta property=\"og:description\" content=\"Sanganeb Atol - Royal Evolution - Prices, liveaboard photos, destinations, contacts, description, online diving reservation.\" \/>\n<meta property=\"og:url\" content=\"https:\/\/royalevolution.com\/de\/diving-in-sudan\/sanganeb-atol\/\" \/>\n<meta property=\"og:site_name\" content=\"Royal Evolution\" \/>\n<meta property=\"article:modified_time\" content=\"2022-07-23T09:43:42+00:00\" \/>\n<meta name=\"twitter:card\" content=\"summary_large_image\" \/>\n<meta name=\"twitter:label1\" content=\"Gesch\u00e4tzte Lesezeit\" \/>\n\t<meta name=\"twitter:data1\" content=\"4 Minuten\" \/>\n<script type=\"application\/ld+json\" class=\"yoast-schema-graph\">{\"@context\":\"https:\/\/schema.org\",\"@graph\":[{\"@type\":\"WebPage\",\"@id\":\"https:\/\/royalevolution.com\/de\/diving-in-sudan\/sanganeb-atol\/\",\"url\":\"https:\/\/royalevolution.com\/de\/diving-in-sudan\/sanganeb-atol\/\",\"name\":\"Sanganeb Atol - Enjoy your Diving trip with Royal Evolution\",\"isPartOf\":{\"@id\":\"https:\/\/royalevolution.com\/#website\"},\"datePublished\":\"2022-07-19T11:21:02+00:00\",\"dateModified\":\"2022-07-23T09:43:42+00:00\",\"description\":\"Sanganeb Atol - Royal Evolution - Prices, liveaboard photos, destinations, contacts, description, online diving reservation.\",\"breadcrumb\":{\"@id\":\"https:\/\/royalevolution.com\/de\/diving-in-sudan\/sanganeb-atol\/#breadcrumb\"},\"inLanguage\":\"de\",\"potentialAction\":[{\"@type\":\"ReadAction\",\"target\":[\"https:\/\/royalevolution.com\/de\/diving-in-sudan\/sanganeb-atol\/\"]}]},{\"@type\":\"BreadcrumbList\",\"@id\":\"https:\/\/royalevolution.com\/de\/diving-in-sudan\/sanganeb-atol\/#breadcrumb\",\"itemListElement\":[{\"@type\":\"ListItem\",\"position\":1,\"name\":\"\u0413\u043b\u0430\u0432\u043d\u0430\u044f \u0441\u0442\u0440\u0430\u043d\u0438\u0446\u0430\",\"item\":\"https:\/\/royalevolution.com\/de\/\"},{\"@type\":\"ListItem\",\"position\":2,\"name\":\"Tauchen im Sudan\",\"item\":\"https:\/\/royalevolution.com\/de\/diving-in-sudan\/\"},{\"@type\":\"ListItem\",\"position\":3,\"name\":\"Sanganeb Atol\"}]},{\"@type\":\"WebSite\",\"@id\":\"https:\/\/royalevolution.com\/#website\",\"url\":\"https:\/\/royalevolution.com\/\",\"name\":\"Royal Evolution\",\"description\":\"Royal Evolution\",\"potentialAction\":[{\"@type\":\"SearchAction\",\"target\":{\"@type\":\"EntryPoint\",\"urlTemplate\":\"https:\/\/royalevolution.com\/?s={search_term_string}\"},\"query-input\":{\"@type\":\"PropertyValueSpecification\",\"valueRequired\":true,\"valueName\":\"search_term_string\"}}],\"inLanguage\":\"de\"}]}<\/script>\n<!-- \/ Yoast SEO plugin. -->","yoast_head_json":{"title":"Sanganeb Atol - Enjoy your Diving trip with Royal Evolution","description":"Sanganeb Atol - Royal Evolution - Prices, liveaboard photos, destinations, contacts, description, online diving reservation.","robots":{"index":"index","follow":"follow","max-snippet":"max-snippet:-1","max-image-preview":"max-image-preview:large","max-video-preview":"max-video-preview:-1"},"canonical":"https:\/\/royalevolution.com\/de\/diving-in-sudan\/sanganeb-atol\/","og_locale":"de_DE","og_type":"article","og_title":"Sanganeb Atol - Enjoy your Diving trip with Royal Evolution","og_description":"Sanganeb Atol - Royal Evolution - Prices, liveaboard photos, destinations, contacts, description, online diving reservation.","og_url":"https:\/\/royalevolution.com\/de\/diving-in-sudan\/sanganeb-atol\/","og_site_name":"Royal Evolution","article_modified_time":"2022-07-23T09:43:42+00:00","twitter_card":"summary_large_image","twitter_misc":{"Gesch\u00e4tzte Lesezeit":"4 Minuten"},"schema":{"@context":"https:\/\/schema.org","@graph":[{"@type":"WebPage","@id":"https:\/\/royalevolution.com\/de\/diving-in-sudan\/sanganeb-atol\/","url":"https:\/\/royalevolution.com\/de\/diving-in-sudan\/sanganeb-atol\/","name":"Sanganeb Atol - Enjoy your Diving trip with Royal Evolution","isPartOf":{"@id":"https:\/\/royalevolution.com\/#website"},"datePublished":"2022-07-19T11:21:02+00:00","dateModified":"2022-07-23T09:43:42+00:00","description":"Sanganeb Atol - Royal Evolution - Prices, liveaboard photos, destinations, contacts, description, online diving reservation.","breadcrumb":{"@id":"https:\/\/royalevolution.com\/de\/diving-in-sudan\/sanganeb-atol\/#breadcrumb"},"inLanguage":"de","potentialAction":[{"@type":"ReadAction","target":["https:\/\/royalevolution.com\/de\/diving-in-sudan\/sanganeb-atol\/"]}]},{"@type":"BreadcrumbList","@id":"https:\/\/royalevolution.com\/de\/diving-in-sudan\/sanganeb-atol\/#breadcrumb","itemListElement":[{"@type":"ListItem","position":1,"name":"\u0413\u043b\u0430\u0432\u043d\u0430\u044f \u0441\u0442\u0440\u0430\u043d\u0438\u0446\u0430","item":"https:\/\/royalevolution.com\/de\/"},{"@type":"ListItem","position":2,"name":"Tauchen im Sudan","item":"https:\/\/royalevolution.com\/de\/diving-in-sudan\/"},{"@type":"ListItem","position":3,"name":"Sanganeb Atol"}]},{"@type":"WebSite","@id":"https:\/\/royalevolution.com\/#website","url":"https:\/\/royalevolution.com\/","name":"Royal Evolution","description":"Royal Evolution","potentialAction":[{"@type":"SearchAction","target":{"@type":"EntryPoint","urlTemplate":"https:\/\/royalevolution.com\/?s={search_term_string}"},"query-input":{"@type":"PropertyValueSpecification","valueRequired":true,"valueName":"search_term_string"}}],"inLanguage":"de"}]}},"_links":{"self":[{"href":"https:\/\/royalevolution.com\/de\/wp-json\/wp\/v2\/pages\/4421","targetHints":{"allow":["GET"]}}],"collection":[{"href":"https:\/\/royalevolution.com\/de\/wp-json\/wp\/v2\/pages"}],"about":[{"href":"https:\/\/royalevolution.com\/de\/wp-json\/wp\/v2\/types\/page"}],"author":[{"embeddable":true,"href":"https:\/\/royalevolution.com\/de\/wp-json\/wp\/v2\/users\/2"}],"replies":[{"embeddable":true,"href":"https:\/\/royalevolution.com\/de\/wp-json\/wp\/v2\/comments?post=4421"}],"version-history":[{"count":1,"href":"https:\/\/royalevolution.com\/de\/wp-json\/wp\/v2\/pages\/4421\/revisions"}],"predecessor-version":[{"id":4422,"href":"https:\/\/royalevolution.com\/de\/wp-json\/wp\/v2\/pages\/4421\/revisions\/4422"}],"up":[{"embeddable":true,"href":"https:\/\/royalevolution.com\/de\/wp-json\/wp\/v2\/pages\/2958"}],"wp:attachment":[{"href":"https:\/\/royalevolution.com\/de\/wp-json\/wp\/v2\/media?parent=4421"}],"curies":[{"name":"wp","href":"https:\/\/api.w.org\/{rel}","templated":true}]}}